{"id":2694,"date":"2022-06-29T10:49:37","date_gmt":"2022-06-29T08:49:37","guid":{"rendered":"https:\/\/www.mm-bauconsulting.at\/references\/"},"modified":"2025-04-28T14:28:39","modified_gmt":"2025-04-28T12:28:39","slug":"references","status":"publish","type":"page","link":"https:\/\/www.mm-bauconsulting.at\/en\/references\/","title":{"rendered":"References"},"content":{"rendered":"\t\t<div data-elementor-type=\"wp-page\" data-elementor-id=\"2694\" class=\"elementor elementor-2694 elementor-1876\" data-elementor-post-type=\"page\">\n\t\t\t\t\t\t<section class=\"elementor-section elementor-top-section elementor-element elementor-element-bcb7514 elementor-section-full_width elementor-section-height-default elementor-section-height-default\" data-id=\"bcb7514\" data-element_type=\"section\" data-settings=\"{&quot;background_background&quot;:&quot;classic&quot;}\">\n\t\t\t\t\t\t<div class=\"elementor-container elementor-column-gap-default\">\n\t\t\t\t\t<div class=\"elementor-column elementor-col-100 elementor-top-column elementor-element elementor-element-8e3c257\" data-id=\"8e3c257\" data-element_type=\"column\">\n\t\t\t<div class=\"elementor-widget-wrap elementor-element-populated\">\n\t\t\t\t\t\t<div class=\"elementor-element elementor-element-abeb4bf menutext elementor-hidden-tablet elementor-hidden-mobile elementor-widget elementor-widget-heading\" data-id=\"abeb4bf\" data-element_type=\"widget\" data-widget_type=\"heading.default\">\n\t\t\t\t<div class=\"elementor-widget-container\">\n\t\t\t\t\t<h2 class=\"elementor-heading-title elementor-size-default\">References<\/h2>\t\t\t\t<\/div>\n\t\t\t\t<\/div>\n\t\t\t\t<section class=\"elementor-section elementor-inner-section elementor-element elementor-element-09ceb0b elementor-section-boxed elementor-section-height-default elementor-section-height-default\" data-id=\"09ceb0b\" data-element_type=\"section\">\n\t\t\t\t\t\t<div class=\"elementor-container elementor-column-gap-default\">\n\t\t\t\t\t<div class=\"elementor-column elementor-col-33 elementor-inner-column elementor-element elementor-element-7c3a6cd\" data-id=\"7c3a6cd\" data-element_type=\"column\">\n\t\t\t<div class=\"elementor-widget-wrap elementor-element-populated\">\n\t\t\t\t\t\t<div class=\"elementor-element elementor-element-0a18c73 elementor-widget__width-inherit elementor-widget elementor-widget-premium-ihover\" data-id=\"0a18c73\" data-element_type=\"widget\" data-widget_type=\"premium-ihover.default\">\n\t\t\t\t<div class=\"elementor-widget-container\">\n\t\t\t\t\t\t\t<div class=\"premium-ihover-container \">\r\n\t\t\t<div class=\"premium-ihover-list\">\r\n\t\t\t\t<div class=\"premium-ihover-item-wrap\">\r\n\t\t\t\t\t\t\t\t<a class=\"premium-ihover-full-link\" href=\"https:\/\/www.mm-bauconsulting.at\/industrie-fe-gebaeude\/\" title=\"\">\r\n\r\n\t\t\t\t\t\t\t<div class=\"premium-ihover-item style18\">\r\n\t\t\t\t\t\t\t\t\t\t\t\t<div class=\"premium-ihover-img-wrap\">\r\n\t\t\t\t\t\t\t\t\t\t\t\t\t\t\t<!-- <div class=\"premium-ihover-img-inner-wrap\"><\/div> -->\r\n\t\t\t\t\t\t\t\t<img decoding=\"async\" class=\"premium-ihover-img\" src=\"https:\/\/www.mm-bauconsulting.at\/wp-content\/uploads\/2022\/07\/Infineon_web.jpg\" alt=\"Infineon_web\">\r\n\t\t\t\t\t\t\t\t\t\t\t\t\t<\/div>\r\n\t\t\t\t\t\t<div class=\"premium-ihover-info-wrap\">\r\n\t\t\t\t\t\t\t<div class=\"premium-ihover-info-back\">\r\n\t\t\t\t\t\t\t\t<div class=\"premium-ihover-content\">\r\n\t\t\t\t\t\t\t\t\t<div class=\"premium-ihover-content-wrap\">\r\n\t\t\t\t\t\t\t\t\t\t<div class=\"premium-ihover-title-wrap\">\r\n\t\t\t\t\t\t\t\t\t\t\t\r\n\t\t\t\t\t\t\t\t\t\t\t\t\t\t\t\t\t\t\t\t\t\t\t<h4 class=\"premium-ihover-title\">\r\n\t\t\t\t\t\t\t\t\t\t\t\t\tB\u00fcro und Laborgeb\u00e4ude inkl. Parkdeck\t\t\t\t\t\t\t\t\t\t\t\t<\/h4>\r\n\t\t\t\t\t\t\t\t\t\t\t\r\n\t\t\t\t\t\t\t\t\t\t<\/div>\r\n\r\n\t\t\t\t\t\t\t\t\t\t\r\n\t\t\t\t\t\t\t\t\t\t\r\n\t\t\t\t\t\t\t\t\t\t\r\n\t\t\t\t\t\t\t\t\t<\/div>\r\n\t\t\t\t\t\t\t\t<\/div>\r\n\t\t\t\t\t\t\t<\/div>\r\n\t\t\t\t\t\t<\/div>\r\n\t\t\t\t\t<\/div>\r\n\t\t\t\t\t<\/a>\t\t\t\t<\/div>\r\n\t\t\t<\/div>\r\n\t\t<\/div>\r\n\t\t\t\t\t\t<\/div>\n\t\t\t\t<\/div>\n\t\t\t\t\t<\/div>\n\t\t<\/div>\n\t\t\t\t<div class=\"elementor-column elementor-col-33 elementor-inner-column elementor-element elementor-element-a57b303\" data-id=\"a57b303\" data-element_type=\"column\">\n\t\t\t<div class=\"elementor-widget-wrap elementor-element-populated\">\n\t\t\t\t\t\t<div class=\"elementor-element elementor-element-73b90ef elementor-widget__width-inherit elementor-widget elementor-widget-premium-ihover\" data-id=\"73b90ef\" data-element_type=\"widget\" data-widget_type=\"premium-ihover.default\">\n\t\t\t\t<div class=\"elementor-widget-container\">\n\t\t\t\t\t\t\t<div class=\"premium-ihover-container \">\r\n\t\t\t<div class=\"premium-ihover-list\">\r\n\t\t\t\t<div class=\"premium-ihover-item-wrap\">\r\n\t\t\t\t\t\t\t\t<a class=\"premium-ihover-full-link\" href=\"https:\/\/www.mm-bauconsulting.at\/walheimat-nussbaumerstasse\/\" title=\"\">\r\n\r\n\t\t\t\t\t\t\t<div class=\"premium-ihover-item style18\">\r\n\t\t\t\t\t\t\t\t\t\t\t\t<div class=\"premium-ihover-img-wrap\">\r\n\t\t\t\t\t\t\t\t\t\t\t\t\t\t\t<!-- <div class=\"premium-ihover-img-inner-wrap\"><\/div> -->\r\n\t\t\t\t\t\t\t\t<img decoding=\"async\" class=\"premium-ihover-img\" src=\"https:\/\/www.mm-bauconsulting.at\/wp-content\/uploads\/2022\/06\/walheimat.jpg\" alt=\"walheimat\">\r\n\t\t\t\t\t\t\t\t\t\t\t\t\t<\/div>\r\n\t\t\t\t\t\t<div class=\"premium-ihover-info-wrap\">\r\n\t\t\t\t\t\t\t<div class=\"premium-ihover-info-back\">\r\n\t\t\t\t\t\t\t\t<div class=\"premium-ihover-content\">\r\n\t\t\t\t\t\t\t\t\t<div class=\"premium-ihover-content-wrap\">\r\n\t\t\t\t\t\t\t\t\t\t<div class=\"premium-ihover-title-wrap\">\r\n\t\t\t\t\t\t\t\t\t\t\t\r\n\t\t\t\t\t\t\t\t\t\t\t\t\t\t\t\t\t\t\t\t\t\t\t<h4 class=\"premium-ihover-title\">\r\n\t\t\t\t\t\t\t\t\t\t\t\t\tWalheimat | Nussbaumerstrasse\t\t\t\t\t\t\t\t\t\t\t\t<\/h4>\r\n\t\t\t\t\t\t\t\t\t\t\t\r\n\t\t\t\t\t\t\t\t\t\t<\/div>\r\n\r\n\t\t\t\t\t\t\t\t\t\t\r\n\t\t\t\t\t\t\t\t\t\t\r\n\t\t\t\t\t\t\t\t\t\t\r\n\t\t\t\t\t\t\t\t\t<\/div>\r\n\t\t\t\t\t\t\t\t<\/div>\r\n\t\t\t\t\t\t\t<\/div>\r\n\t\t\t\t\t\t<\/div>\r\n\t\t\t\t\t<\/div>\r\n\t\t\t\t\t<\/a>\t\t\t\t<\/div>\r\n\t\t\t<\/div>\r\n\t\t<\/div>\r\n\t\t\t\t\t\t<\/div>\n\t\t\t\t<\/div>\n\t\t\t\t\t<\/div>\n\t\t<\/div>\n\t\t\t\t<div class=\"elementor-column elementor-col-33 elementor-inner-column elementor-element elementor-element-76b18d4\" data-id=\"76b18d4\" data-element_type=\"column\">\n\t\t\t<div class=\"elementor-widget-wrap elementor-element-populated\">\n\t\t\t\t\t\t<div class=\"elementor-element elementor-element-408abb2 elementor-widget__width-inherit elementor-widget elementor-widget-premium-ihover\" data-id=\"408abb2\" data-element_type=\"widget\" data-widget_type=\"premium-ihover.default\">\n\t\t\t\t<div class=\"elementor-widget-container\">\n\t\t\t\t\t\t\t<div class=\"premium-ihover-container \">\r\n\t\t\t<div class=\"premium-ihover-list\">\r\n\t\t\t\t<div class=\"premium-ihover-item-wrap\">\r\n\t\t\t\t\t\t\t\t<a class=\"premium-ihover-full-link\" href=\"https:\/\/www.mm-bauconsulting.at\/copacabana\/\" title=\"\">\r\n\r\n\t\t\t\t\t\t\t<div class=\"premium-ihover-item style18\">\r\n\t\t\t\t\t\t\t\t\t\t\t\t<div class=\"premium-ihover-img-wrap\">\r\n\t\t\t\t\t\t\t\t\t\t\t\t\t\t\t<!-- <div class=\"premium-ihover-img-inner-wrap\"><\/div> -->\r\n\t\t\t\t\t\t\t\t<img decoding=\"async\" class=\"premium-ihover-img\" src=\"https:\/\/www.mm-bauconsulting.at\/wp-content\/uploads\/2022\/06\/copacabana.jpg\" alt=\"copacabana\">\r\n\t\t\t\t\t\t\t\t\t\t\t\t\t<\/div>\r\n\t\t\t\t\t\t<div class=\"premium-ihover-info-wrap\">\r\n\t\t\t\t\t\t\t<div class=\"premium-ihover-info-back\">\r\n\t\t\t\t\t\t\t\t<div class=\"premium-ihover-content\">\r\n\t\t\t\t\t\t\t\t\t<div class=\"premium-ihover-content-wrap\">\r\n\t\t\t\t\t\t\t\t\t\t<div class=\"premium-ihover-title-wrap\">\r\n\t\t\t\t\t\t\t\t\t\t\t\r\n\t\t\t\t\t\t\t\t\t\t\t\t\t\t\t\t\t\t\t\t\t\t\t<h4 class=\"premium-ihover-title\">\r\n\t\t\t\t\t\t\t\t\t\t\t\t\tCopacabana\t\t\t\t\t\t\t\t\t\t\t\t<\/h4>\r\n\t\t\t\t\t\t\t\t\t\t\t\r\n\t\t\t\t\t\t\t\t\t\t<\/div>\r\n\r\n\t\t\t\t\t\t\t\t\t\t\r\n\t\t\t\t\t\t\t\t\t\t\r\n\t\t\t\t\t\t\t\t\t\t\r\n\t\t\t\t\t\t\t\t\t<\/div>\r\n\t\t\t\t\t\t\t\t<\/div>\r\n\t\t\t\t\t\t\t<\/div>\r\n\t\t\t\t\t\t<\/div>\r\n\t\t\t\t\t<\/div>\r\n\t\t\t\t\t<\/a>\t\t\t\t<\/div>\r\n\t\t\t<\/div>\r\n\t\t<\/div>\r\n\t\t\t\t\t\t<\/div>\n\t\t\t\t<\/div>\n\t\t\t\t\t<\/div>\n\t\t<\/div>\n\t\t\t\t\t<\/div>\n\t\t<\/section>\n\t\t\t\t<section class=\"elementor-section elementor-inner-section elementor-element elementor-element-d6912f4 elementor-section-boxed elementor-section-height-default elementor-section-height-default\" data-id=\"d6912f4\" data-element_type=\"section\">\n\t\t\t\t\t\t<div class=\"elementor-container elementor-column-gap-default\">\n\t\t\t\t\t<div class=\"elementor-column elementor-col-33 elementor-inner-column elementor-element elementor-element-fcdf736\" data-id=\"fcdf736\" data-element_type=\"column\">\n\t\t\t<div class=\"elementor-widget-wrap elementor-element-populated\">\n\t\t\t\t\t\t<div class=\"elementor-element elementor-element-ef890c1 elementor-widget__width-inherit elementor-widget elementor-widget-premium-ihover\" data-id=\"ef890c1\" data-element_type=\"widget\" data-widget_type=\"premium-ihover.default\">\n\t\t\t\t<div class=\"elementor-widget-container\">\n\t\t\t\t\t\t\t<div class=\"premium-ihover-container \">\r\n\t\t\t<div class=\"premium-ihover-list\">\r\n\t\t\t\t<div class=\"premium-ihover-item-wrap\">\r\n\t\t\t\t\t\t\t\t<a class=\"premium-ihover-full-link\" href=\"https:\/\/www.mm-bauconsulting.at\/herzstueck-gerhart-hauptmann-gasse\/\" title=\"\">\r\n\r\n\t\t\t\t\t\t\t<div class=\"premium-ihover-item style18\">\r\n\t\t\t\t\t\t\t\t\t\t\t\t<div class=\"premium-ihover-img-wrap\">\r\n\t\t\t\t\t\t\t\t\t\t\t\t\t\t\t<!-- <div class=\"premium-ihover-img-inner-wrap\"><\/div> -->\r\n\t\t\t\t\t\t\t\t<img decoding=\"async\" class=\"premium-ihover-img\" src=\"https:\/\/www.mm-bauconsulting.at\/wp-content\/uploads\/2022\/06\/herzstueck.jpg\" alt=\"herzstueck\">\r\n\t\t\t\t\t\t\t\t\t\t\t\t\t<\/div>\r\n\t\t\t\t\t\t<div class=\"premium-ihover-info-wrap\">\r\n\t\t\t\t\t\t\t<div class=\"premium-ihover-info-back\">\r\n\t\t\t\t\t\t\t\t<div class=\"premium-ihover-content\">\r\n\t\t\t\t\t\t\t\t\t<div class=\"premium-ihover-content-wrap\">\r\n\t\t\t\t\t\t\t\t\t\t<div class=\"premium-ihover-title-wrap\">\r\n\t\t\t\t\t\t\t\t\t\t\t\r\n\t\t\t\t\t\t\t\t\t\t\t\t\t\t\t\t\t\t\t\t\t\t\t<h4 class=\"premium-ihover-title\">\r\n\t\t\t\t\t\t\t\t\t\t\t\t\tHerzst\u00fcck | Gerhart-Hauptmann-Gasse\t\t\t\t\t\t\t\t\t\t\t\t<\/h4>\r\n\t\t\t\t\t\t\t\t\t\t\t\r\n\t\t\t\t\t\t\t\t\t\t<\/div>\r\n\r\n\t\t\t\t\t\t\t\t\t\t\r\n\t\t\t\t\t\t\t\t\t\t\r\n\t\t\t\t\t\t\t\t\t\t\r\n\t\t\t\t\t\t\t\t\t<\/div>\r\n\t\t\t\t\t\t\t\t<\/div>\r\n\t\t\t\t\t\t\t<\/div>\r\n\t\t\t\t\t\t<\/div>\r\n\t\t\t\t\t<\/div>\r\n\t\t\t\t\t<\/a>\t\t\t\t<\/div>\r\n\t\t\t<\/div>\r\n\t\t<\/div>\r\n\t\t\t\t\t\t<\/div>\n\t\t\t\t<\/div>\n\t\t\t\t\t<\/div>\n\t\t<\/div>\n\t\t\t\t<div class=\"elementor-column elementor-col-33 elementor-inner-column elementor-element elementor-element-d1bdb51\" data-id=\"d1bdb51\" data-element_type=\"column\">\n\t\t\t<div class=\"elementor-widget-wrap elementor-element-populated\">\n\t\t\t\t\t\t<div class=\"elementor-element elementor-element-a1460b1 elementor-widget__width-inherit elementor-widget elementor-widget-premium-ihover\" data-id=\"a1460b1\" data-element_type=\"widget\" data-widget_type=\"premium-ihover.default\">\n\t\t\t\t<div class=\"elementor-widget-container\">\n\t\t\t\t\t\t\t<div class=\"premium-ihover-container \">\r\n\t\t\t<div class=\"premium-ihover-list\">\r\n\t\t\t\t<div class=\"premium-ihover-item-wrap\">\r\n\t\t\t\t\t\t\t\t<a class=\"premium-ihover-full-link\" href=\"https:\/\/www.mm-bauconsulting.at\/bg-st-martin\/\" title=\"\">\r\n\r\n\t\t\t\t\t\t\t<div class=\"premium-ihover-item style18\">\r\n\t\t\t\t\t\t\t\t\t\t\t\t<div class=\"premium-ihover-img-wrap\">\r\n\t\t\t\t\t\t\t\t\t\t\t\t\t\t\t<!-- <div class=\"premium-ihover-img-inner-wrap\"><\/div> -->\r\n\t\t\t\t\t\t\t\t<img decoding=\"async\" class=\"premium-ihover-img\" src=\"https:\/\/www.mm-bauconsulting.at\/wp-content\/uploads\/2022\/06\/bgstmarting.jpg\" alt=\"bgstmarting\">\r\n\t\t\t\t\t\t\t\t\t\t\t\t\t<\/div>\r\n\t\t\t\t\t\t<div class=\"premium-ihover-info-wrap\">\r\n\t\t\t\t\t\t\t<div class=\"premium-ihover-info-back\">\r\n\t\t\t\t\t\t\t\t<div class=\"premium-ihover-content\">\r\n\t\t\t\t\t\t\t\t\t<div class=\"premium-ihover-content-wrap\">\r\n\t\t\t\t\t\t\t\t\t\t<div class=\"premium-ihover-title-wrap\">\r\n\t\t\t\t\t\t\t\t\t\t\t\r\n\t\t\t\t\t\t\t\t\t\t\t\t\t\t\t\t\t\t\t\t\t\t\t<h4 class=\"premium-ihover-title\">\r\n\t\t\t\t\t\t\t\t\t\t\t\t\tBG St. Martin\t\t\t\t\t\t\t\t\t\t\t\t<\/h4>\r\n\t\t\t\t\t\t\t\t\t\t\t\r\n\t\t\t\t\t\t\t\t\t\t<\/div>\r\n\r\n\t\t\t\t\t\t\t\t\t\t\r\n\t\t\t\t\t\t\t\t\t\t\r\n\t\t\t\t\t\t\t\t\t\t\r\n\t\t\t\t\t\t\t\t\t<\/div>\r\n\t\t\t\t\t\t\t\t<\/div>\r\n\t\t\t\t\t\t\t<\/div>\r\n\t\t\t\t\t\t<\/div>\r\n\t\t\t\t\t<\/div>\r\n\t\t\t\t\t<\/a>\t\t\t\t<\/div>\r\n\t\t\t<\/div>\r\n\t\t<\/div>\r\n\t\t\t\t\t\t<\/div>\n\t\t\t\t<\/div>\n\t\t\t\t\t<\/div>\n\t\t<\/div>\n\t\t\t\t<div class=\"elementor-column elementor-col-33 elementor-inner-column elementor-element elementor-element-cdfc4c6\" data-id=\"cdfc4c6\" data-element_type=\"column\">\n\t\t\t<div class=\"elementor-widget-wrap elementor-element-populated\">\n\t\t\t\t\t\t<div class=\"elementor-element elementor-element-28b940b elementor-widget__width-inherit elementor-widget elementor-widget-premium-ihover\" data-id=\"28b940b\" data-element_type=\"widget\" data-widget_type=\"premium-ihover.default\">\n\t\t\t\t<div class=\"elementor-widget-container\">\n\t\t\t\t\t\t\t<div class=\"premium-ihover-container \">\r\n\t\t\t<div class=\"premium-ihover-list\">\r\n\t\t\t\t<div class=\"premium-ihover-item-wrap\">\r\n\t\t\t\t\t\t\t\t<a class=\"premium-ihover-full-link\" href=\"https:\/\/www.mm-bauconsulting.at\/eo-einkaufszentrum-oberwart\/\" title=\"\">\r\n\r\n\t\t\t\t\t\t\t<div class=\"premium-ihover-item style18\">\r\n\t\t\t\t\t\t\t\t\t\t\t\t<div class=\"premium-ihover-img-wrap\">\r\n\t\t\t\t\t\t\t\t\t\t\t\t\t\t\t<!-- <div class=\"premium-ihover-img-inner-wrap\"><\/div> -->\r\n\t\t\t\t\t\t\t\t<img decoding=\"async\" class=\"premium-ihover-img\" src=\"https:\/\/www.mm-bauconsulting.at\/wp-content\/uploads\/2022\/06\/ekz_oberwart.jpg\" alt=\"ekz_oberwart\">\r\n\t\t\t\t\t\t\t\t\t\t\t\t\t<\/div>\r\n\t\t\t\t\t\t<div class=\"premium-ihover-info-wrap\">\r\n\t\t\t\t\t\t\t<div class=\"premium-ihover-info-back\">\r\n\t\t\t\t\t\t\t\t<div class=\"premium-ihover-content\">\r\n\t\t\t\t\t\t\t\t\t<div class=\"premium-ihover-content-wrap\">\r\n\t\t\t\t\t\t\t\t\t\t<div class=\"premium-ihover-title-wrap\">\r\n\t\t\t\t\t\t\t\t\t\t\t\r\n\t\t\t\t\t\t\t\t\t\t\t\t\t\t\t\t\t\t\t\t\t\t\t<h4 class=\"premium-ihover-title\">\r\n\t\t\t\t\t\t\t\t\t\t\t\t\tEO Einkaufszentrum Oberwart\t\t\t\t\t\t\t\t\t\t\t\t<\/h4>\r\n\t\t\t\t\t\t\t\t\t\t\t\r\n\t\t\t\t\t\t\t\t\t\t<\/div>\r\n\r\n\t\t\t\t\t\t\t\t\t\t\r\n\t\t\t\t\t\t\t\t\t\t\r\n\t\t\t\t\t\t\t\t\t\t\r\n\t\t\t\t\t\t\t\t\t<\/div>\r\n\t\t\t\t\t\t\t\t<\/div>\r\n\t\t\t\t\t\t\t<\/div>\r\n\t\t\t\t\t\t<\/div>\r\n\t\t\t\t\t<\/div>\r\n\t\t\t\t\t<\/a>\t\t\t\t<\/div>\r\n\t\t\t<\/div>\r\n\t\t<\/div>\r\n\t\t\t\t\t\t<\/div>\n\t\t\t\t<\/div>\n\t\t\t\t\t<\/div>\n\t\t<\/div>\n\t\t\t\t\t<\/div>\n\t\t<\/section>\n\t\t\t\t\t<\/div>\n\t\t<\/div>\n\t\t\t\t\t<\/div>\n\t\t<\/section>\n\t\t\t\t<section class=\"elementor-section elementor-top-section elementor-element elementor-element-2c7776f elementor-section-full_width elementor-section-height-default elementor-section-height-default\" data-id=\"2c7776f\" data-element_type=\"section\" data-settings=\"{&quot;background_background&quot;:&quot;classic&quot;}\">\n\t\t\t\t\t\t<div class=\"elementor-container elementor-column-gap-default\">\n\t\t\t\t\t<div class=\"elementor-column elementor-col-100 elementor-top-column elementor-element elementor-element-f9f573c\" data-id=\"f9f573c\" data-element_type=\"column\">\n\t\t\t<div class=\"elementor-widget-wrap elementor-element-populated\">\n\t\t\t\t\t\t<div class=\"elementor-element elementor-element-df49f21 menutext elementor-hidden-tablet elementor-hidden-mobile elementor-widget elementor-widget-heading\" data-id=\"df49f21\" data-element_type=\"widget\" data-widget_type=\"heading.default\">\n\t\t\t\t<div class=\"elementor-widget-container\">\n\t\t\t\t\t<h2 class=\"elementor-heading-title elementor-size-default\">referenzen<\/h2>\t\t\t\t<\/div>\n\t\t\t\t<\/div>\n\t\t\t\t<section class=\"elementor-section elementor-inner-section elementor-element elementor-element-9898bd7 elementor-section-boxed elementor-section-height-default elementor-section-height-default\" data-id=\"9898bd7\" data-element_type=\"section\">\n\t\t\t\t\t\t<div class=\"elementor-container elementor-column-gap-default\">\n\t\t\t\t\t<div class=\"elementor-column elementor-col-33 elementor-inner-column elementor-element elementor-element-2405e0c\" data-id=\"2405e0c\" data-element_type=\"column\">\n\t\t\t<div class=\"elementor-widget-wrap elementor-element-populated\">\n\t\t\t\t\t\t<div class=\"elementor-element elementor-element-ce15a65 elementor-widget__width-inherit elementor-widget elementor-widget-premium-ihover\" data-id=\"ce15a65\" data-element_type=\"widget\" data-widget_type=\"premium-ihover.default\">\n\t\t\t\t<div class=\"elementor-widget-container\">\n\t\t\t\t\t\t\t<div class=\"premium-ihover-container \">\r\n\t\t\t<div class=\"premium-ihover-list\">\r\n\t\t\t\t<div class=\"premium-ihover-item-wrap\">\r\n\t\t\t\t\t\t\t\t<a class=\"premium-ihover-full-link\" href=\"https:\/\/www.mm-bauconsulting.at\/rutarcenter-klagenfurt\/\" title=\"\">\r\n\r\n\t\t\t\t\t\t\t<div class=\"premium-ihover-item style18\">\r\n\t\t\t\t\t\t\t\t\t\t\t\t<div class=\"premium-ihover-img-wrap\">\r\n\t\t\t\t\t\t\t\t\t\t\t\t\t\t\t<!-- <div class=\"premium-ihover-img-inner-wrap\"><\/div> -->\r\n\t\t\t\t\t\t\t\t<img decoding=\"async\" class=\"premium-ihover-img\" src=\"https:\/\/www.mm-bauconsulting.at\/wp-content\/uploads\/2022\/06\/rutar.jpg\" alt=\"rutar\">\r\n\t\t\t\t\t\t\t\t\t\t\t\t\t<\/div>\r\n\t\t\t\t\t\t<div class=\"premium-ihover-info-wrap\">\r\n\t\t\t\t\t\t\t<div class=\"premium-ihover-info-back\">\r\n\t\t\t\t\t\t\t\t<div class=\"premium-ihover-content\">\r\n\t\t\t\t\t\t\t\t\t<div class=\"premium-ihover-content-wrap\">\r\n\t\t\t\t\t\t\t\t\t\t<div class=\"premium-ihover-title-wrap\">\r\n\t\t\t\t\t\t\t\t\t\t\t\r\n\t\t\t\t\t\t\t\t\t\t\t\t\t\t\t\t\t\t\t\t\t\t\t<h4 class=\"premium-ihover-title\">\r\n\t\t\t\t\t\t\t\t\t\t\t\t\tRutarcenter Klagenfurt\t\t\t\t\t\t\t\t\t\t\t\t<\/h4>\r\n\t\t\t\t\t\t\t\t\t\t\t\r\n\t\t\t\t\t\t\t\t\t\t<\/div>\r\n\r\n\t\t\t\t\t\t\t\t\t\t\r\n\t\t\t\t\t\t\t\t\t\t\r\n\t\t\t\t\t\t\t\t\t\t\r\n\t\t\t\t\t\t\t\t\t<\/div>\r\n\t\t\t\t\t\t\t\t<\/div>\r\n\t\t\t\t\t\t\t<\/div>\r\n\t\t\t\t\t\t<\/div>\r\n\t\t\t\t\t<\/div>\r\n\t\t\t\t\t<\/a>\t\t\t\t<\/div>\r\n\t\t\t<\/div>\r\n\t\t<\/div>\r\n\t\t\t\t\t\t<\/div>\n\t\t\t\t<\/div>\n\t\t\t\t\t<\/div>\n\t\t<\/div>\n\t\t\t\t<div class=\"elementor-column elementor-col-33 elementor-inner-column elementor-element elementor-element-153f504\" data-id=\"153f504\" data-element_type=\"column\">\n\t\t\t<div class=\"elementor-widget-wrap elementor-element-populated\">\n\t\t\t\t\t\t<div class=\"elementor-element elementor-element-127a635 elementor-widget__width-inherit elementor-widget elementor-widget-premium-ihover\" data-id=\"127a635\" data-element_type=\"widget\" data-widget_type=\"premium-ihover.default\">\n\t\t\t\t<div class=\"elementor-widget-container\">\n\t\t\t\t\t\t\t<div class=\"premium-ihover-container \">\r\n\t\t\t<div class=\"premium-ihover-list\">\r\n\t\t\t\t<div class=\"premium-ihover-item-wrap\">\r\n\t\t\t\t\t\t\t\t<a class=\"premium-ihover-full-link\" href=\"https:\/\/www.mm-bauconsulting.at\/neukauf-spittal\/\" title=\"\">\r\n\r\n\t\t\t\t\t\t\t<div class=\"premium-ihover-item style18\">\r\n\t\t\t\t\t\t\t\t\t\t\t\t<div class=\"premium-ihover-img-wrap\">\r\n\t\t\t\t\t\t\t\t\t\t\t\t\t\t\t<!-- <div class=\"premium-ihover-img-inner-wrap\"><\/div> -->\r\n\t\t\t\t\t\t\t\t<img decoding=\"async\" class=\"premium-ihover-img\" src=\"https:\/\/www.mm-bauconsulting.at\/wp-content\/uploads\/2022\/06\/neukauf.jpg\" alt=\"neukauf\">\r\n\t\t\t\t\t\t\t\t\t\t\t\t\t<\/div>\r\n\t\t\t\t\t\t<div class=\"premium-ihover-info-wrap\">\r\n\t\t\t\t\t\t\t<div class=\"premium-ihover-info-back\">\r\n\t\t\t\t\t\t\t\t<div class=\"premium-ihover-content\">\r\n\t\t\t\t\t\t\t\t\t<div class=\"premium-ihover-content-wrap\">\r\n\t\t\t\t\t\t\t\t\t\t<div class=\"premium-ihover-title-wrap\">\r\n\t\t\t\t\t\t\t\t\t\t\t\r\n\t\t\t\t\t\t\t\t\t\t\t\t\t\t\t\t\t\t\t\t\t\t\t<h4 class=\"premium-ihover-title\">\r\n\t\t\t\t\t\t\t\t\t\t\t\t\tNeukauf Spittal \/ Drau\t\t\t\t\t\t\t\t\t\t\t\t<\/h4>\r\n\t\t\t\t\t\t\t\t\t\t\t\r\n\t\t\t\t\t\t\t\t\t\t<\/div>\r\n\r\n\t\t\t\t\t\t\t\t\t\t\r\n\t\t\t\t\t\t\t\t\t\t\r\n\t\t\t\t\t\t\t\t\t\t\r\n\t\t\t\t\t\t\t\t\t<\/div>\r\n\t\t\t\t\t\t\t\t<\/div>\r\n\t\t\t\t\t\t\t<\/div>\r\n\t\t\t\t\t\t<\/div>\r\n\t\t\t\t\t<\/div>\r\n\t\t\t\t\t<\/a>\t\t\t\t<\/div>\r\n\t\t\t<\/div>\r\n\t\t<\/div>\r\n\t\t\t\t\t\t<\/div>\n\t\t\t\t<\/div>\n\t\t\t\t\t<\/div>\n\t\t<\/div>\n\t\t\t\t<div class=\"elementor-column elementor-col-33 elementor-inner-column elementor-element elementor-element-9c658cc\" data-id=\"9c658cc\" data-element_type=\"column\">\n\t\t\t<div class=\"elementor-widget-wrap elementor-element-populated\">\n\t\t\t\t\t\t<div class=\"elementor-element elementor-element-ed77ddd elementor-widget__width-inherit elementor-widget elementor-widget-premium-ihover\" data-id=\"ed77ddd\" data-element_type=\"widget\" data-widget_type=\"premium-ihover.default\">\n\t\t\t\t<div class=\"elementor-widget-container\">\n\t\t\t\t\t\t\t<div class=\"premium-ihover-container \">\r\n\t\t\t<div class=\"premium-ihover-list\">\r\n\t\t\t\t<div class=\"premium-ihover-item-wrap\">\r\n\t\t\t\t\t\t\t\t<a class=\"premium-ihover-full-link\" href=\"https:\/\/www.mm-bauconsulting.at\/eurospar-traiskirchen\/\" title=\"\">\r\n\r\n\t\t\t\t\t\t\t<div class=\"premium-ihover-item style18\">\r\n\t\t\t\t\t\t\t\t\t\t\t\t<div class=\"premium-ihover-img-wrap\">\r\n\t\t\t\t\t\t\t\t\t\t\t\t\t\t\t<!-- <div class=\"premium-ihover-img-inner-wrap\"><\/div> -->\r\n\t\t\t\t\t\t\t\t<img decoding=\"async\" class=\"premium-ihover-img\" src=\"https:\/\/www.mm-bauconsulting.at\/wp-content\/uploads\/2022\/06\/eurospar.jpg\" alt=\"eurospar\">\r\n\t\t\t\t\t\t\t\t\t\t\t\t\t<\/div>\r\n\t\t\t\t\t\t<div class=\"premium-ihover-info-wrap\">\r\n\t\t\t\t\t\t\t<div class=\"premium-ihover-info-back\">\r\n\t\t\t\t\t\t\t\t<div class=\"premium-ihover-content\">\r\n\t\t\t\t\t\t\t\t\t<div class=\"premium-ihover-content-wrap\">\r\n\t\t\t\t\t\t\t\t\t\t<div class=\"premium-ihover-title-wrap\">\r\n\t\t\t\t\t\t\t\t\t\t\t\r\n\t\t\t\t\t\t\t\t\t\t\t\t\t\t\t\t\t\t\t\t\t\t\t<h4 class=\"premium-ihover-title\">\r\n\t\t\t\t\t\t\t\t\t\t\t\t\tEurospar Traiskirchen\t\t\t\t\t\t\t\t\t\t\t\t<\/h4>\r\n\t\t\t\t\t\t\t\t\t\t\t\r\n\t\t\t\t\t\t\t\t\t\t<\/div>\r\n\r\n\t\t\t\t\t\t\t\t\t\t\r\n\t\t\t\t\t\t\t\t\t\t\r\n\t\t\t\t\t\t\t\t\t\t\r\n\t\t\t\t\t\t\t\t\t<\/div>\r\n\t\t\t\t\t\t\t\t<\/div>\r\n\t\t\t\t\t\t\t<\/div>\r\n\t\t\t\t\t\t<\/div>\r\n\t\t\t\t\t<\/div>\r\n\t\t\t\t\t<\/a>\t\t\t\t<\/div>\r\n\t\t\t<\/div>\r\n\t\t<\/div>\r\n\t\t\t\t\t\t<\/div>\n\t\t\t\t<\/div>\n\t\t\t\t\t<\/div>\n\t\t<\/div>\n\t\t\t\t\t<\/div>\n\t\t<\/section>\n\t\t\t\t<section class=\"elementor-section elementor-inner-section elementor-element elementor-element-9ed111c elementor-section-boxed elementor-section-height-default elementor-section-height-default\" data-id=\"9ed111c\" data-element_type=\"section\">\n\t\t\t\t\t\t<div class=\"elementor-container elementor-column-gap-default\">\n\t\t\t\t\t<div class=\"elementor-column elementor-col-100 elementor-inner-column elementor-element elementor-element-756701e\" data-id=\"756701e\" data-element_type=\"column\">\n\t\t\t<div class=\"elementor-widget-wrap elementor-element-populated\">\n\t\t\t\t\t\t<div class=\"elementor-element elementor-element-df3aaf1 elementor-widget__width-initial elementor-widget-laptop__width-auto elementor-widget-tablet__width-initial elementor-widget-mobile__width-initial elementor-widget elementor-widget-premium-ihover\" data-id=\"df3aaf1\" data-element_type=\"widget\" data-widget_type=\"premium-ihover.default\">\n\t\t\t\t<div class=\"elementor-widget-container\">\n\t\t\t\t\t\t\t<div class=\"premium-ihover-container \">\r\n\t\t\t<div class=\"premium-ihover-list\">\r\n\t\t\t\t<div class=\"premium-ihover-item-wrap\">\r\n\t\t\t\t\t\t\t\t<a class=\"premium-ihover-full-link\" href=\"https:\/\/www.mm-bauconsulting.at\/cinecity-klagenfurt\/\" title=\"\">\r\n\r\n\t\t\t\t\t\t\t<div class=\"premium-ihover-item style18\">\r\n\t\t\t\t\t\t\t\t\t\t\t\t<div class=\"premium-ihover-img-wrap\">\r\n\t\t\t\t\t\t\t\t\t\t\t\t\t\t\t<!-- <div class=\"premium-ihover-img-inner-wrap\"><\/div> -->\r\n\t\t\t\t\t\t\t\t<img decoding=\"async\" class=\"premium-ihover-img\" src=\"https:\/\/www.mm-bauconsulting.at\/wp-content\/uploads\/2022\/06\/cinecity.jpg\" alt=\"cinecity\">\r\n\t\t\t\t\t\t\t\t\t\t\t\t\t<\/div>\r\n\t\t\t\t\t\t<div class=\"premium-ihover-info-wrap\">\r\n\t\t\t\t\t\t\t<div class=\"premium-ihover-info-back\">\r\n\t\t\t\t\t\t\t\t<div class=\"premium-ihover-content\">\r\n\t\t\t\t\t\t\t\t\t<div class=\"premium-ihover-content-wrap\">\r\n\t\t\t\t\t\t\t\t\t\t<div class=\"premium-ihover-title-wrap\">\r\n\t\t\t\t\t\t\t\t\t\t\t\r\n\t\t\t\t\t\t\t\t\t\t\t\t\t\t\t\t\t\t\t\t\t\t\t<h4 class=\"premium-ihover-title\">\r\n\t\t\t\t\t\t\t\t\t\t\t\t\tCineCity Klagenfurt\t\t\t\t\t\t\t\t\t\t\t\t<\/h4>\r\n\t\t\t\t\t\t\t\t\t\t\t\r\n\t\t\t\t\t\t\t\t\t\t<\/div>\r\n\r\n\t\t\t\t\t\t\t\t\t\t\r\n\t\t\t\t\t\t\t\t\t\t\r\n\t\t\t\t\t\t\t\t\t\t\r\n\t\t\t\t\t\t\t\t\t<\/div>\r\n\t\t\t\t\t\t\t\t<\/div>\r\n\t\t\t\t\t\t\t<\/div>\r\n\t\t\t\t\t\t<\/div>\r\n\t\t\t\t\t<\/div>\r\n\t\t\t\t\t<\/a>\t\t\t\t<\/div>\r\n\t\t\t<\/div>\r\n\t\t<\/div>\r\n\t\t\t\t\t\t<\/div>\n\t\t\t\t<\/div>\n\t\t\t\t\t<\/div>\n\t\t<\/div>\n\t\t\t\t\t<\/div>\n\t\t<\/section>\n\t\t\t\t\t<\/div>\n\t\t<\/div>\n\t\t\t\t\t<\/div>\n\t\t<\/section>\n\t\t\t\t<\/div>\n\t\t","protected":false},"excerpt":{"rendered":"<p>References B\u00fcro und Laborgeb\u00e4ude inkl. Parkdeck Walheimat | Nussbaumerstrasse Copacabana Herzst\u00fcck | Gerhart-Hauptmann-Gasse BG St. Martin EO Einkaufszentrum Oberwart referenzen Rutarcenter Klagenfurt Neukauf Spittal \/ Drau Eurospar Traiskirchen CineCity Klagenfurt<\/p>\n","protected":false},"author":1,"featured_media":0,"parent":0,"menu_order":0,"comment_status":"closed","ping_status":"closed","template":"","meta":{"footnotes":""},"class_list":["post-2694","page","type-page","status-publish","hentry"],"_links":{"self":[{"href":"https:\/\/www.mm-bauconsulting.at\/en\/wp-json\/wp\/v2\/pages\/2694","targetHints":{"allow":["GET"]}}],"collection":[{"href":"https:\/\/www.mm-bauconsulting.at\/en\/wp-json\/wp\/v2\/pages"}],"about":[{"href":"https:\/\/www.mm-bauconsulting.at\/en\/wp-json\/wp\/v2\/types\/page"}],"author":[{"embeddable":true,"href":"https:\/\/www.mm-bauconsulting.at\/en\/wp-json\/wp\/v2\/users\/1"}],"replies":[{"embeddable":true,"href":"https:\/\/www.mm-bauconsulting.at\/en\/wp-json\/wp\/v2\/comments?post=2694"}],"version-history":[{"count":3,"href":"https:\/\/www.mm-bauconsulting.at\/en\/wp-json\/wp\/v2\/pages\/2694\/revisions"}],"predecessor-version":[{"id":5122,"href":"https:\/\/www.mm-bauconsulting.at\/en\/wp-json\/wp\/v2\/pages\/2694\/revisions\/5122"}],"wp:attachment":[{"href":"https:\/\/www.mm-bauconsulting.at\/en\/wp-json\/wp\/v2\/media?parent=2694"}],"curies":[{"name":"wp","href":"https:\/\/api.w.org\/{rel}","templated":true}]}}