{"id":2688,"date":"2022-02-01T15:59:42","date_gmt":"2022-02-01T14:59:42","guid":{"rendered":"https:\/\/www.mm-bauconsulting.at\/projects\/"},"modified":"2025-04-28T14:28:24","modified_gmt":"2025-04-28T12:28:24","slug":"projects","status":"publish","type":"page","link":"https:\/\/www.mm-bauconsulting.at\/en\/projects\/","title":{"rendered":"Projects"},"content":{"rendered":"\t\t<div data-elementor-type=\"wp-page\" data-elementor-id=\"2688\" class=\"elementor elementor-2688 elementor-361\" data-elementor-post-type=\"page\">\n\t\t\t\t\t\t<section class=\"elementor-section elementor-top-section elementor-element elementor-element-bcb7514 elementor-section-full_width elementor-section-height-default elementor-section-height-default\" data-id=\"bcb7514\" data-element_type=\"section\" data-settings=\"{&quot;background_background&quot;:&quot;classic&quot;}\">\n\t\t\t\t\t\t<div class=\"elementor-container elementor-column-gap-default\">\n\t\t\t\t\t<div class=\"elementor-column elementor-col-100 elementor-top-column elementor-element elementor-element-8e3c257\" data-id=\"8e3c257\" data-element_type=\"column\">\n\t\t\t<div class=\"elementor-widget-wrap elementor-element-populated\">\n\t\t\t\t\t\t<section class=\"elementor-section elementor-inner-section elementor-element elementor-element-09ceb0b elementor-section-boxed elementor-section-height-default elementor-section-height-default\" data-id=\"09ceb0b\" data-element_type=\"section\">\n\t\t\t\t\t\t<div class=\"elementor-container elementor-column-gap-default\">\n\t\t\t\t\t<div class=\"elementor-column elementor-col-33 elementor-inner-column elementor-element elementor-element-7c3a6cd\" data-id=\"7c3a6cd\" data-element_type=\"column\">\n\t\t\t<div class=\"elementor-widget-wrap elementor-element-populated\">\n\t\t\t\t\t\t<div class=\"elementor-element elementor-element-86d81c0 elementor-widget__width-inherit elementor-widget elementor-widget-premium-ihover\" data-id=\"86d81c0\" data-element_type=\"widget\" data-widget_type=\"premium-ihover.default\">\n\t\t\t\t<div class=\"elementor-widget-container\">\n\t\t\t\t\t\t\t<div class=\"premium-ihover-container \">\r\n\t\t\t<div class=\"premium-ihover-list\">\r\n\t\t\t\t<div class=\"premium-ihover-item-wrap\">\r\n\t\t\t\t\t\t\t\t<a class=\"premium-ihover-full-link\" href=\"https:\/\/www.mm-bauconsulting.at\/21lakes\/\" title=\"21lakes AM OSSIACHER SEE\">\r\n\r\n\t\t\t\t\t\t\t<div class=\"premium-ihover-item style18\">\r\n\t\t\t\t\t\t\t\t\t\t\t\t<div class=\"premium-ihover-img-wrap\">\r\n\t\t\t\t\t\t\t\t\t\t\t\t\t\t\t<!-- <div class=\"premium-ihover-img-inner-wrap\"><\/div> -->\r\n\t\t\t\t\t\t\t\t<img decoding=\"async\" class=\"premium-ihover-img\" src=\"https:\/\/www.mm-bauconsulting.at\/wp-content\/uploads\/2024\/05\/beleuchtet_projekte.jpg\" alt=\"beleuchtet_projekte\">\r\n\t\t\t\t\t\t\t\t\t\t\t\t\t<\/div>\r\n\t\t\t\t\t\t<div class=\"premium-ihover-info-wrap\">\r\n\t\t\t\t\t\t\t<div class=\"premium-ihover-info-back\">\r\n\t\t\t\t\t\t\t\t<div class=\"premium-ihover-content\">\r\n\t\t\t\t\t\t\t\t\t<div class=\"premium-ihover-content-wrap\">\r\n\t\t\t\t\t\t\t\t\t\t<div class=\"premium-ihover-title-wrap\">\r\n\t\t\t\t\t\t\t\t\t\t\t\r\n\t\t\t\t\t\t\t\t\t\t\t\t\t\t\t\t\t\t\t\t\t\t\t<h4 class=\"premium-ihover-title\">\r\n\t\t\t\t\t\t\t\t\t\t\t\t\t21lakes <br>AM OSSIACHER SEE\t\t\t\t\t\t\t\t\t\t\t\t<\/h4>\r\n\t\t\t\t\t\t\t\t\t\t\t\r\n\t\t\t\t\t\t\t\t\t\t<\/div>\r\n\r\n\t\t\t\t\t\t\t\t\t\t\r\n\t\t\t\t\t\t\t\t\t\t\r\n\t\t\t\t\t\t\t\t\t\t\r\n\t\t\t\t\t\t\t\t\t<\/div>\r\n\t\t\t\t\t\t\t\t<\/div>\r\n\t\t\t\t\t\t\t<\/div>\r\n\t\t\t\t\t\t<\/div>\r\n\t\t\t\t\t<\/div>\r\n\t\t\t\t\t<\/a>\t\t\t\t<\/div>\r\n\t\t\t<\/div>\r\n\t\t<\/div>\r\n\t\t\t\t\t\t<\/div>\n\t\t\t\t<\/div>\n\t\t\t\t\t<\/div>\n\t\t<\/div>\n\t\t\t\t<div class=\"elementor-column elementor-col-33 elementor-inner-column elementor-element elementor-element-73a4db3\" data-id=\"73a4db3\" data-element_type=\"column\">\n\t\t\t<div class=\"elementor-widget-wrap elementor-element-populated\">\n\t\t\t\t\t\t<div class=\"elementor-element elementor-element-7e58f67 elementor-widget__width-inherit elementor-widget elementor-widget-premium-ihover\" data-id=\"7e58f67\" data-element_type=\"widget\" data-widget_type=\"premium-ihover.default\">\n\t\t\t\t<div class=\"elementor-widget-container\">\n\t\t\t\t\t\t\t<div class=\"premium-ihover-container \">\r\n\t\t\t<div class=\"premium-ihover-list\">\r\n\t\t\t\t<div class=\"premium-ihover-item-wrap\">\r\n\t\t\t\t\t\t\t\t<a class=\"premium-ihover-full-link\" href=\"https:\/\/www.mm-bauconsulting.at\/breathe\/\" title=\"BREATHE Velden\">\r\n\r\n\t\t\t\t\t\t\t<div class=\"premium-ihover-item style18\">\r\n\t\t\t\t\t\t\t\t\t\t\t\t<div class=\"premium-ihover-img-wrap\">\r\n\t\t\t\t\t\t\t\t\t\t\t\t\t\t\t<!-- <div class=\"premium-ihover-img-inner-wrap\"><\/div> -->\r\n\t\t\t\t\t\t\t\t<img decoding=\"async\" class=\"premium-ihover-img\" src=\"https:\/\/www.mm-bauconsulting.at\/wp-content\/uploads\/2024\/08\/Vorschau_Hang.png\" alt=\"Breathe Velden Projekte\">\r\n\t\t\t\t\t\t\t\t\t\t\t\t\t<\/div>\r\n\t\t\t\t\t\t<div class=\"premium-ihover-info-wrap\">\r\n\t\t\t\t\t\t\t<div class=\"premium-ihover-info-back\">\r\n\t\t\t\t\t\t\t\t<div class=\"premium-ihover-content\">\r\n\t\t\t\t\t\t\t\t\t<div class=\"premium-ihover-content-wrap\">\r\n\t\t\t\t\t\t\t\t\t\t<div class=\"premium-ihover-title-wrap\">\r\n\t\t\t\t\t\t\t\t\t\t\t\r\n\t\t\t\t\t\t\t\t\t\t\t\t\t\t\t\t\t\t\t\t\t\t\t<h4 class=\"premium-ihover-title\">\r\n\t\t\t\t\t\t\t\t\t\t\t\t\tBREATHE <br>Velden\t\t\t\t\t\t\t\t\t\t\t\t<\/h4>\r\n\t\t\t\t\t\t\t\t\t\t\t\r\n\t\t\t\t\t\t\t\t\t\t<\/div>\r\n\r\n\t\t\t\t\t\t\t\t\t\t\r\n\t\t\t\t\t\t\t\t\t\t\r\n\t\t\t\t\t\t\t\t\t\t\r\n\t\t\t\t\t\t\t\t\t<\/div>\r\n\t\t\t\t\t\t\t\t<\/div>\r\n\t\t\t\t\t\t\t<\/div>\r\n\t\t\t\t\t\t<\/div>\r\n\t\t\t\t\t<\/div>\r\n\t\t\t\t\t<\/a>\t\t\t\t<\/div>\r\n\t\t\t<\/div>\r\n\t\t<\/div>\r\n\t\t\t\t\t\t<\/div>\n\t\t\t\t<\/div>\n\t\t\t\t\t<\/div>\n\t\t<\/div>\n\t\t\t\t<div class=\"elementor-column elementor-col-33 elementor-inner-column elementor-element elementor-element-5640b51\" data-id=\"5640b51\" data-element_type=\"column\">\n\t\t\t<div class=\"elementor-widget-wrap elementor-element-populated\">\n\t\t\t\t\t\t<div class=\"elementor-element elementor-element-73b90ef elementor-widget elementor-widget-premium-ihover\" data-id=\"73b90ef\" data-element_type=\"widget\" data-widget_type=\"premium-ihover.default\">\n\t\t\t\t<div class=\"elementor-widget-container\">\n\t\t\t\t\t\t\t<div class=\"premium-ihover-container \">\r\n\t\t\t<div class=\"premium-ihover-list\">\r\n\t\t\t\t<div class=\"premium-ihover-item-wrap\">\r\n\t\t\t\t\t\t\t\t<a class=\"premium-ihover-full-link\" href=\"https:\/\/www.mm-bauconsulting.at\/animamea\/\" title=\"\">\r\n\r\n\t\t\t\t\t\t\t<div class=\"premium-ihover-item style18\">\r\n\t\t\t\t\t\t\t\t\t\t\t\t<div class=\"premium-ihover-img-wrap\">\r\n\t\t\t\t\t\t\t\t\t\t\t\t\t\t\t<!-- <div class=\"premium-ihover-img-inner-wrap\"><\/div> -->\r\n\t\t\t\t\t\t\t\t<img decoding=\"async\" class=\"premium-ihover-img\" src=\"https:\/\/www.mm-bauconsulting.at\/wp-content\/uploads\/2024\/09\/titel-bild_himmel-scaled.jpg\" alt=\"titel bild_himmel\">\r\n\t\t\t\t\t\t\t\t\t\t\t\t\t<\/div>\r\n\t\t\t\t\t\t<div class=\"premium-ihover-info-wrap\">\r\n\t\t\t\t\t\t\t<div class=\"premium-ihover-info-back\">\r\n\t\t\t\t\t\t\t\t<div class=\"premium-ihover-content\">\r\n\t\t\t\t\t\t\t\t\t<div class=\"premium-ihover-content-wrap\">\r\n\t\t\t\t\t\t\t\t\t\t<div class=\"premium-ihover-title-wrap\">\r\n\t\t\t\t\t\t\t\t\t\t\t\r\n\t\t\t\t\t\t\t\t\t\t\t\t\t\t\t\t\t\t\t\t\t\t\t<h4 class=\"premium-ihover-title\">\r\n\t\t\t\t\t\t\t\t\t\t\t\t\tANIMA MEA <br>AM W\u00d6RTHERSEE\t\t\t\t\t\t\t\t\t\t\t\t<\/h4>\r\n\t\t\t\t\t\t\t\t\t\t\t\r\n\t\t\t\t\t\t\t\t\t\t<\/div>\r\n\r\n\t\t\t\t\t\t\t\t\t\t\r\n\t\t\t\t\t\t\t\t\t\t\r\n\t\t\t\t\t\t\t\t\t\t\r\n\t\t\t\t\t\t\t\t\t<\/div>\r\n\t\t\t\t\t\t\t\t<\/div>\r\n\t\t\t\t\t\t\t<\/div>\r\n\t\t\t\t\t\t<\/div>\r\n\t\t\t\t\t<\/div>\r\n\t\t\t\t\t<\/a>\t\t\t\t<\/div>\r\n\t\t\t<\/div>\r\n\t\t<\/div>\r\n\t\t\t\t\t\t<\/div>\n\t\t\t\t<\/div>\n\t\t\t\t\t<\/div>\n\t\t<\/div>\n\t\t\t\t\t<\/div>\n\t\t<\/section>\n\t\t\t\t<section class=\"elementor-section elementor-inner-section elementor-element elementor-element-8418342 elementor-section-boxed elementor-section-height-default elementor-section-height-default\" data-id=\"8418342\" data-element_type=\"section\">\n\t\t\t\t\t\t<div class=\"elementor-container elementor-column-gap-default\">\n\t\t\t\t\t<div class=\"elementor-column elementor-col-33 elementor-inner-column elementor-element elementor-element-311b356\" data-id=\"311b356\" data-element_type=\"column\">\n\t\t\t<div class=\"elementor-widget-wrap elementor-element-populated\">\n\t\t\t\t\t\t<div class=\"elementor-element elementor-element-15f913e elementor-widget elementor-widget-premium-ihover\" data-id=\"15f913e\" data-element_type=\"widget\" data-widget_type=\"premium-ihover.default\">\n\t\t\t\t<div class=\"elementor-widget-container\">\n\t\t\t\t\t\t\t<div class=\"premium-ihover-container \">\r\n\t\t\t<div class=\"premium-ihover-list\">\r\n\t\t\t\t<div class=\"premium-ihover-item-wrap\">\r\n\t\t\t\t\t\t\t\t<a class=\"premium-ihover-full-link\" href=\"https:\/\/www.mm-bauconsulting.at\/?p=1235\" title=\"NOBILIS AM W\u00d6RTHERSEE\">\r\n\r\n\t\t\t\t\t\t\t<div class=\"premium-ihover-item style18\">\r\n\t\t\t\t\t\t\t\t\t\t\t\t<div class=\"premium-ihover-img-wrap\">\r\n\t\t\t\t\t\t\t\t\t\t\t\t\t\t\t<!-- <div class=\"premium-ihover-img-inner-wrap\"><\/div> -->\r\n\t\t\t\t\t\t\t\t<img decoding=\"async\" class=\"premium-ihover-img\" src=\"https:\/\/www.mm-bauconsulting.at\/wp-content\/uploads\/2024\/04\/marinaarvid.jpeg\" alt=\"marinaarvid\">\r\n\t\t\t\t\t\t\t\t\t\t\t\t\t<\/div>\r\n\t\t\t\t\t\t<div class=\"premium-ihover-info-wrap\">\r\n\t\t\t\t\t\t\t<div class=\"premium-ihover-info-back\">\r\n\t\t\t\t\t\t\t\t<div class=\"premium-ihover-content\">\r\n\t\t\t\t\t\t\t\t\t<div class=\"premium-ihover-content-wrap\">\r\n\t\t\t\t\t\t\t\t\t\t<div class=\"premium-ihover-title-wrap\">\r\n\t\t\t\t\t\t\t\t\t\t\t\r\n\t\t\t\t\t\t\t\t\t\t\t\t\t\t\t\t\t\t\t\t\t\t\t<h4 class=\"premium-ihover-title\">\r\n\t\t\t\t\t\t\t\t\t\t\t\t\tNOBILIS | NEUN SCHL\u00d6SSER <br> AM W\u00d6RTHERSEE\t\t\t\t\t\t\t\t\t\t\t\t<\/h4>\r\n\t\t\t\t\t\t\t\t\t\t\t\r\n\t\t\t\t\t\t\t\t\t\t<\/div>\r\n\r\n\t\t\t\t\t\t\t\t\t\t\r\n\t\t\t\t\t\t\t\t\t\t\r\n\t\t\t\t\t\t\t\t\t\t\r\n\t\t\t\t\t\t\t\t\t<\/div>\r\n\t\t\t\t\t\t\t\t<\/div>\r\n\t\t\t\t\t\t\t<\/div>\r\n\t\t\t\t\t\t<\/div>\r\n\t\t\t\t\t<\/div>\r\n\t\t\t\t\t<\/a>\t\t\t\t<\/div>\r\n\t\t\t<\/div>\r\n\t\t<\/div>\r\n\t\t\t\t\t\t<\/div>\n\t\t\t\t<\/div>\n\t\t\t\t\t<\/div>\n\t\t<\/div>\n\t\t\t\t<div class=\"elementor-column elementor-col-33 elementor-inner-column elementor-element elementor-element-00b8315\" data-id=\"00b8315\" data-element_type=\"column\">\n\t\t\t<div class=\"elementor-widget-wrap elementor-element-populated\">\n\t\t\t\t\t\t<div class=\"elementor-element elementor-element-40a5a7b elementor-widget elementor-widget-premium-ihover\" data-id=\"40a5a7b\" data-element_type=\"widget\" data-widget_type=\"premium-ihover.default\">\n\t\t\t\t<div class=\"elementor-widget-container\">\n\t\t\t\t\t\t\t<div class=\"premium-ihover-container \">\r\n\t\t\t<div class=\"premium-ihover-list\">\r\n\t\t\t\t<div class=\"premium-ihover-item-wrap\">\r\n\t\t\t\t\t\t\t\t<a class=\"premium-ihover-full-link\" href=\"https:\/\/www.mm-bauconsulting.at\/?p=1247\" title=\"WOHNBAU REIFNITZ AM W\u00d6RTHERSEE\">\r\n\r\n\t\t\t\t\t\t\t<div class=\"premium-ihover-item style18\">\r\n\t\t\t\t\t\t\t\t\t\t\t\t<div class=\"premium-ihover-img-wrap\">\r\n\t\t\t\t\t\t\t\t\t\t\t\t\t\t\t<!-- <div class=\"premium-ihover-img-inner-wrap\"><\/div> -->\r\n\t\t\t\t\t\t\t\t<img decoding=\"async\" class=\"premium-ihover-img\" src=\"https:\/\/www.mm-bauconsulting.at\/wp-content\/uploads\/2022\/05\/detail-large_0fc415d8e5ea1ca08a137c27662f52d2.jpg\" alt=\"detail-large_0fc415d8e5ea1ca08a137c27662f52d2\">\r\n\t\t\t\t\t\t\t\t\t\t\t\t\t<\/div>\r\n\t\t\t\t\t\t<div class=\"premium-ihover-info-wrap\">\r\n\t\t\t\t\t\t\t<div class=\"premium-ihover-info-back\">\r\n\t\t\t\t\t\t\t\t<div class=\"premium-ihover-content\">\r\n\t\t\t\t\t\t\t\t\t<div class=\"premium-ihover-content-wrap\">\r\n\t\t\t\t\t\t\t\t\t\t<div class=\"premium-ihover-title-wrap\">\r\n\t\t\t\t\t\t\t\t\t\t\t\r\n\t\t\t\t\t\t\t\t\t\t\t\t\t\t\t\t\t\t\t\t\t\t\t<h4 class=\"premium-ihover-title\">\r\n\t\t\t\t\t\t\t\t\t\t\t\t\tWOHNBAU REIFNITZ<br> AM W\u00d6RTHERSEE\t\t\t\t\t\t\t\t\t\t\t\t<\/h4>\r\n\t\t\t\t\t\t\t\t\t\t\t\r\n\t\t\t\t\t\t\t\t\t\t<\/div>\r\n\r\n\t\t\t\t\t\t\t\t\t\t\r\n\t\t\t\t\t\t\t\t\t\t\r\n\t\t\t\t\t\t\t\t\t\t\r\n\t\t\t\t\t\t\t\t\t<\/div>\r\n\t\t\t\t\t\t\t\t<\/div>\r\n\t\t\t\t\t\t\t<\/div>\r\n\t\t\t\t\t\t<\/div>\r\n\t\t\t\t\t<\/div>\r\n\t\t\t\t\t<\/a>\t\t\t\t<\/div>\r\n\t\t\t<\/div>\r\n\t\t<\/div>\r\n\t\t\t\t\t\t<\/div>\n\t\t\t\t<\/div>\n\t\t\t\t\t<\/div>\n\t\t<\/div>\n\t\t\t\t<div class=\"elementor-column elementor-col-33 elementor-inner-column elementor-element elementor-element-cb97e14\" data-id=\"cb97e14\" data-element_type=\"column\" data-settings=\"{&quot;background_background&quot;:&quot;classic&quot;}\">\n\t\t\t<div class=\"elementor-widget-wrap elementor-element-populated\">\n\t\t\t\t\t\t<div class=\"elementor-element elementor-element-5b6975d elementor-widget elementor-widget-premium-ihover\" data-id=\"5b6975d\" data-element_type=\"widget\" data-widget_type=\"premium-ihover.default\">\n\t\t\t\t<div class=\"elementor-widget-container\">\n\t\t\t\t\t\t\t<div class=\"premium-ihover-container \">\r\n\t\t\t<div class=\"premium-ihover-list\">\r\n\t\t\t\t<div class=\"premium-ihover-item-wrap\">\r\n\t\t\t\t\t\t\t\t<a class=\"premium-ihover-full-link\" href=\"https:\/\/www.mm-bauconsulting.at\/?p=1257\" title=\"WOHNBAU DELLACH AM MILLST\u00c4TTER SEE\">\r\n\r\n\t\t\t\t\t\t\t<div class=\"premium-ihover-item style18\">\r\n\t\t\t\t\t\t\t\t\t\t\t\t<div class=\"premium-ihover-img-wrap\">\r\n\t\t\t\t\t\t\t\t\t\t\t\t\t\t\t<!-- <div class=\"premium-ihover-img-inner-wrap\"><\/div> -->\r\n\t\t\t\t\t\t\t\t<img decoding=\"async\" class=\"premium-ihover-img\" src=\"https:\/\/www.mm-bauconsulting.at\/wp-content\/uploads\/2022\/05\/1-Deckbild-Dellach-1.jpg\" alt=\"1-Deckbild-Dellach-1\">\r\n\t\t\t\t\t\t\t\t\t\t\t\t\t<\/div>\r\n\t\t\t\t\t\t<div class=\"premium-ihover-info-wrap\">\r\n\t\t\t\t\t\t\t<div class=\"premium-ihover-info-back\">\r\n\t\t\t\t\t\t\t\t<div class=\"premium-ihover-content\">\r\n\t\t\t\t\t\t\t\t\t<div class=\"premium-ihover-content-wrap\">\r\n\t\t\t\t\t\t\t\t\t\t<div class=\"premium-ihover-title-wrap\">\r\n\t\t\t\t\t\t\t\t\t\t\t\r\n\t\t\t\t\t\t\t\t\t\t\t\t\t\t\t\t\t\t\t\t\t\t\t<h4 class=\"premium-ihover-title\">\r\n\t\t\t\t\t\t\t\t\t\t\t\t\tWOHNBAU DELLACH<br> AM MILLST\u00c4TTER SEE\t\t\t\t\t\t\t\t\t\t\t\t<\/h4>\r\n\t\t\t\t\t\t\t\t\t\t\t\r\n\t\t\t\t\t\t\t\t\t\t<\/div>\r\n\r\n\t\t\t\t\t\t\t\t\t\t\r\n\t\t\t\t\t\t\t\t\t\t\r\n\t\t\t\t\t\t\t\t\t\t\r\n\t\t\t\t\t\t\t\t\t<\/div>\r\n\t\t\t\t\t\t\t\t<\/div>\r\n\t\t\t\t\t\t\t<\/div>\r\n\t\t\t\t\t\t<\/div>\r\n\t\t\t\t\t<\/div>\r\n\t\t\t\t\t<\/a>\t\t\t\t<\/div>\r\n\t\t\t<\/div>\r\n\t\t<\/div>\r\n\t\t\t\t\t\t<\/div>\n\t\t\t\t<\/div>\n\t\t\t\t\t<\/div>\n\t\t<\/div>\n\t\t\t\t\t<\/div>\n\t\t<\/section>\n\t\t\t\t<section class=\"elementor-section elementor-inner-section elementor-element elementor-element-f6149c6 elementor-section-boxed elementor-section-height-default elementor-section-height-default\" data-id=\"f6149c6\" data-element_type=\"section\">\n\t\t\t\t\t\t<div class=\"elementor-container elementor-column-gap-default\">\n\t\t\t\t\t<div class=\"elementor-column elementor-col-33 elementor-inner-column elementor-element elementor-element-792d1c0\" data-id=\"792d1c0\" data-element_type=\"column\">\n\t\t\t<div class=\"elementor-widget-wrap\">\n\t\t\t\t\t\t\t<\/div>\n\t\t<\/div>\n\t\t\t\t<div class=\"elementor-column elementor-col-33 elementor-inner-column elementor-element elementor-element-f850f8d\" data-id=\"f850f8d\" data-element_type=\"column\">\n\t\t\t<div class=\"elementor-widget-wrap elementor-element-populated\">\n\t\t\t\t\t\t<div class=\"elementor-element elementor-element-5bb7097 elementor-widget elementor-widget-premium-ihover\" data-id=\"5bb7097\" data-element_type=\"widget\" data-widget_type=\"premium-ihover.default\">\n\t\t\t\t<div class=\"elementor-widget-container\">\n\t\t\t\t\t\t\t<div class=\"premium-ihover-container \">\r\n\t\t\t<div class=\"premium-ihover-list\">\r\n\t\t\t\t<div class=\"premium-ihover-item-wrap\">\r\n\t\t\t\t\t\t\t\t<a class=\"premium-ihover-full-link\" href=\"https:\/\/www.mm-bauconsulting.at\/industrie40\/\" title=\"Industrie 4.0\">\r\n\r\n\t\t\t\t\t\t\t<div class=\"premium-ihover-item style18\">\r\n\t\t\t\t\t\t\t\t\t\t\t\t<div class=\"premium-ihover-img-wrap\">\r\n\t\t\t\t\t\t\t\t\t\t\t\t\t\t\t<!-- <div class=\"premium-ihover-img-inner-wrap\"><\/div> -->\r\n\t\t\t\t\t\t\t\t<img decoding=\"async\" class=\"premium-ihover-img\" src=\"https:\/\/www.mm-bauconsulting.at\/wp-content\/uploads\/2022\/07\/referenzen_home.jpg\" alt=\"referenzen_home\">\r\n\t\t\t\t\t\t\t\t\t\t\t\t\t<\/div>\r\n\t\t\t\t\t\t<div class=\"premium-ihover-info-wrap\">\r\n\t\t\t\t\t\t\t<div class=\"premium-ihover-info-back\">\r\n\t\t\t\t\t\t\t\t<div class=\"premium-ihover-content\">\r\n\t\t\t\t\t\t\t\t\t<div class=\"premium-ihover-content-wrap\">\r\n\t\t\t\t\t\t\t\t\t\t<div class=\"premium-ihover-title-wrap\">\r\n\t\t\t\t\t\t\t\t\t\t\t\r\n\t\t\t\t\t\t\t\t\t\t\t\t\t\t\t\t\t\t\t\t\t\t\t<h4 class=\"premium-ihover-title\">\r\n\t\t\t\t\t\t\t\t\t\t\t\t\tINDUSTRIE 4.0\t\t\t\t\t\t\t\t\t\t\t\t<\/h4>\r\n\t\t\t\t\t\t\t\t\t\t\t\r\n\t\t\t\t\t\t\t\t\t\t<\/div>\r\n\r\n\t\t\t\t\t\t\t\t\t\t\r\n\t\t\t\t\t\t\t\t\t\t\r\n\t\t\t\t\t\t\t\t\t\t\r\n\t\t\t\t\t\t\t\t\t<\/div>\r\n\t\t\t\t\t\t\t\t<\/div>\r\n\t\t\t\t\t\t\t<\/div>\r\n\t\t\t\t\t\t<\/div>\r\n\t\t\t\t\t<\/div>\r\n\t\t\t\t\t<\/a>\t\t\t\t<\/div>\r\n\t\t\t<\/div>\r\n\t\t<\/div>\r\n\t\t\t\t\t\t<\/div>\n\t\t\t\t<\/div>\n\t\t\t\t\t<\/div>\n\t\t<\/div>\n\t\t\t\t<div class=\"elementor-column elementor-col-33 elementor-inner-column elementor-element elementor-element-dd19c83\" data-id=\"dd19c83\" data-element_type=\"column\" data-settings=\"{&quot;background_background&quot;:&quot;classic&quot;}\">\n\t\t\t<div class=\"elementor-widget-wrap\">\n\t\t\t\t\t\t\t<\/div>\n\t\t<\/div>\n\t\t\t\t\t<\/div>\n\t\t<\/section>\n\t\t\t\t\t<\/div>\n\t\t<\/div>\n\t\t\t\t\t<\/div>\n\t\t<\/section>\n\t\t\t\t<\/div>\n\t\t","protected":false},"excerpt":{"rendered":"<p>21lakes AM OSSIACHER SEE BREATHE Velden ANIMA MEA AM W\u00d6RTHERSEE NOBILIS | NEUN SCHL\u00d6SSER AM W\u00d6RTHERSEE WOHNBAU REIFNITZ AM W\u00d6RTHERSEE WOHNBAU DELLACH AM MILLST\u00c4TTER SEE INDUSTRIE 4.0<\/p>\n","protected":false},"author":1,"featured_media":0,"parent":0,"menu_order":0,"comment_status":"closed","ping_status":"closed","template":"","meta":{"footnotes":""},"class_list":["post-2688","page","type-page","status-publish","hentry"],"_links":{"self":[{"href":"https:\/\/www.mm-bauconsulting.at\/en\/wp-json\/wp\/v2\/pages\/2688","targetHints":{"allow":["GET"]}}],"collection":[{"href":"https:\/\/www.mm-bauconsulting.at\/en\/wp-json\/wp\/v2\/pages"}],"about":[{"href":"https:\/\/www.mm-bauconsulting.at\/en\/wp-json\/wp\/v2\/types\/page"}],"author":[{"embeddable":true,"href":"https:\/\/www.mm-bauconsulting.at\/en\/wp-json\/wp\/v2\/users\/1"}],"replies":[{"embeddable":true,"href":"https:\/\/www.mm-bauconsulting.at\/en\/wp-json\/wp\/v2\/comments?post=2688"}],"version-history":[{"count":8,"href":"https:\/\/www.mm-bauconsulting.at\/en\/wp-json\/wp\/v2\/pages\/2688\/revisions"}],"predecessor-version":[{"id":5120,"href":"https:\/\/www.mm-bauconsulting.at\/en\/wp-json\/wp\/v2\/pages\/2688\/revisions\/5120"}],"wp:attachment":[{"href":"https:\/\/www.mm-bauconsulting.at\/en\/wp-json\/wp\/v2\/media?parent=2688"}],"curies":[{"name":"wp","href":"https:\/\/api.w.org\/{rel}","templated":true}]}}